{"id":4391,"date":"2024-04-10T14:52:27","date_gmt":"2024-04-10T10:22:27","guid":{"rendered":"https:\/\/deutsch-arena.com\/?post_type=product&#038;p=4391"},"modified":"2024-04-10T17:25:22","modified_gmt":"2024-04-10T12:55:22","slug":"shutter-island-2010","status":"publish","type":"product","link":"https:\/\/deutsch-arena.com\/de\/produkt\/shutter-island-2010\/","title":{"rendered":"Shutter Island (2010)"},"content":{"rendered":"","protected":false},"excerpt":{"rendered":"<p>1954 soll der U.S. Marshall Teddy Daniels das Verschwinden eines Patienten aus dem Bostoner Shutter Island Ashecliffe Hospital aufkl\u00e4ren. Er hat sich aus pers\u00f6nlichen Gr\u00fcnden um diesen Auftrag bem\u00fcht, aber schon bald muss er sich fragen, ob er nicht durch die \u00c4rzte manipuliert wurde, deren Methoden von unethisch \u00fcber illegal bis skrupellos gehen. Teddys scharfsinnige Ermittlungsmethoden f\u00fchren rasch zu einer vielversprechenden Spur, aber das Hospital verweigert ihm Zugriff auf Informationen, die den Fall erhellen k\u00f6nnten. Als ein Hurrikan die Verbindung zum Festland unterbricht, &#8222;entkommen&#8220; weitere gef\u00e4hrliche Kriminelle in dem Chaos und die verwirrenden Hinweise mehren sich, so dass Teddy an allem zu zweifeln beginnt &#8211; seinem Ged\u00e4chtnis, seinem Partner und sogar seinem eigenen Verstand.<\/p>\n","protected":false},"featured_media":4396,"comment_status":"open","ping_status":"closed","template":"","meta":{"footnotes":""},"product_brand":[],"product_cat":[65],"product_tag":[],"class_list":{"0":"post-4391","1":"product","2":"type-product","3":"status-publish","4":"has-post-thumbnail","6":"product_cat-kino","8":"first","9":"outofstock","10":"sale","11":"shipping-taxable","12":"purchasable","13":"product-type-simple"},"_links":{"self":[{"href":"https:\/\/deutsch-arena.com\/de\/wp-json\/wp\/v2\/product\/4391","targetHints":{"allow":["GET"]}}],"collection":[{"href":"https:\/\/deutsch-arena.com\/de\/wp-json\/wp\/v2\/product"}],"about":[{"href":"https:\/\/deutsch-arena.com\/de\/wp-json\/wp\/v2\/types\/product"}],"replies":[{"embeddable":true,"href":"https:\/\/deutsch-arena.com\/de\/wp-json\/wp\/v2\/comments?post=4391"}],"version-history":[{"count":0,"href":"https:\/\/deutsch-arena.com\/de\/wp-json\/wp\/v2\/product\/4391\/revisions"}],"wp:featuredmedia":[{"embeddable":true,"href":"https:\/\/deutsch-arena.com\/de\/wp-json\/wp\/v2\/media\/4396"}],"wp:attachment":[{"href":"https:\/\/deutsch-arena.com\/de\/wp-json\/wp\/v2\/media?parent=4391"}],"wp:term":[{"taxonomy":"product_brand","embeddable":true,"href":"https:\/\/deutsch-arena.com\/de\/wp-json\/wp\/v2\/product_brand?post=4391"},{"taxonomy":"product_cat","embeddable":true,"href":"https:\/\/deutsch-arena.com\/de\/wp-json\/wp\/v2\/product_cat?post=4391"},{"taxonomy":"product_tag","embeddable":true,"href":"https:\/\/deutsch-arena.com\/de\/wp-json\/wp\/v2\/product_tag?post=4391"}],"curies":[{"name":"wp","href":"https:\/\/api.w.org\/{rel}","templated":true}]}}