{"id":3569,"date":"2024-01-25T09:30:39","date_gmt":"2024-01-25T06:00:39","guid":{"rendered":"https:\/\/deutsch-arena.com\/product\/the-godfather-1972\/"},"modified":"2024-10-23T12:48:38","modified_gmt":"2024-10-23T09:18:38","slug":"the-godfather-1972","status":"publish","type":"product","link":"https:\/\/deutsch-arena.com\/de\/produkt\/the-godfather-1972\/","title":{"rendered":"Pate I (1972)"},"content":{"rendered":"<p style=\"direction: ltr;\"><strong>Handlung<\/strong><\/p>\n<p style=\"direction: ltr;\">Die Handlung setzt im Jahr 1945 ein: Don Vito Corleone, einer der m\u00e4chtigsten\u00a0Mafiabosse\u00a0von\u00a0New York City\u00a0und Oberhaupt einer der \u201eF\u00fcnf Familien\u201c, richtet zur Hochzeit seiner Tochter Connie ein opulentes Fest mit Hunderten von G\u00e4sten aus. W\u00e4hrend diese im Garten tanzen, empf\u00e4ngt er in seinem Arbeitszimmer Freunde der \u201eFamilie\u201c, die ihm anl\u00e4sslich der Hochzeit ihre Aufwartung machen. Da sie wissen, dass ein Sizilianer zur Hochzeit seiner Tochter niemandem eine Gef\u00e4lligkeit ausschlagen darf, wollen sie diese Gelegenheit nutzen, ihn um verschiedene Gef\u00e4lligkeiten zu bitten, bei denen es neben Alltagsproblemen auch um Rache oder Erpressung geht. Dank seiner zahlreichen Beziehungen kann Don Vito seinen Freunden jede Bitte erf\u00fcllen und schreckt auch vor Verbrechen und Grausamkeiten nicht zur\u00fcck, wenn er sie nur selbst f\u00fcr gerecht h\u00e4lt.<\/p>\n<p style=\"direction: ltr;\">F\u00fcr den Bestattungsunternehmer Bonasera, dessen Tochter das Patenkind von Vitos Frau ist, l\u00e4sst er durch von ihm gedungene Schl\u00e4ger zwei jugendliche Rowdies krankenhausreif pr\u00fcgeln, weil sie Bonaseras Tochter misshandelt und entstellt hatten \u2013 er verweigert allerdings die Ermordung der T\u00e4ter, weil die Tochter schlie\u00dflich auch noch lebe. F\u00fcr seinen eigenen Patensohn, den Popstar Johnny Fontane, l\u00e4sst er durch seinen Ziehsohn Tom Hagen, der f\u00fcr ihn als Berater und Rechtsanwalt arbeitet, die Besetzung der Hauptrolle in einem Hollywood-Film erzwingen. Dies wird durch Erpressung des widerspenstigen Filmproduzenten Woltz erreicht, indem diesem im Schlaf der abgetrennte Kopf seines s\u00fcndhaft teuren Lieblingspferdes unter der Decke seines Bettes platziert wird.<\/p>\n<p style=\"direction: ltr;\">Nach dieser Exposition beginnt die eigentliche Handlung: Mit dem\u00a0Zweiten Weltkrieg\u00a0hat sich der\u00a0Drogenhandel\u00a0zu einem attraktiven Gesch\u00e4ftszweig entwickelt, und der skrupellose Mafioso Virgil Sollozzo, genannt \u201eDer T\u00fcrke\u201c, macht den Corleones den Vorschlag, gemeinsam mit ihm den\u00a0Heroinhandel\u00a0in New York zu organisieren. Don Vito lehnt dieses ihm zu schmutzige Gesch\u00e4ft ab, da es ihm nicht nur unmoralisch, sondern vor allem zu riskant erscheint. Infolge seiner Weigerung, seine exzellenten Kontakte zu Justiz, Politik und Wirtschaft mit den anderen Bossen zu Gunsten des Rauschgifthandels zu teilen, wird ein Mordanschlag auf ihn ver\u00fcbt: Die Killer des abgewiesenen Sollozzo, der mit der Tattaglia-Familie verb\u00fcndet ist, schie\u00dfen ihn auf offener Stra\u00dfe nieder. Vito, dessen ungeschickter Sohn Fredo ihn nicht besch\u00fctzen konnte, \u00fcberlebt schwer verletzt. Kurz zuvor ist bereits sein wichtigster Helfer, Luca Brasi, ermordet worden.<\/p>\n<p style=\"direction: ltr;\">W\u00e4hrend Don Vito sich nur langsam erholt, startet sein unbeherrschter \u00e4ltester Sohn Santino \u201eSonny\u201c Corleone einen Rachefeldzug gegen die Tattaglias, dem einer der S\u00f6hne Don Tattaglias zum Opfer f\u00e4llt. Michael, Vitos j\u00fcngster Sohn, ein Weltkriegs-Veteran, der den Mafia-Aktivit\u00e4ten eigentlich fern steht und gehofft hatte, niemals in kriminelle T\u00e4tigkeiten verwickelt zu werden, rettet seinen Vater derweil geistesgegenw\u00e4rtig vor einem weiteren Mordanschlag. Als der aufgrund seiner guten Beziehungen zur Polizei unangreifbare Sollozzo ein Treffen mit Michael vorschl\u00e4gt, den er f\u00fcr harmlos h\u00e4lt, entscheidet sich dieser, f\u00fcr seine Familie zum M\u00f6rder zu werden, und erschie\u00dft Sollozzo und den korrupten Polizeicaptain McCluskey, der als Sollozos Leibw\u00e4chter agierte.<\/p>\n<p style=\"direction: ltr;\">Michael flieht anschlie\u00dfend nach\u00a0Sizilien, wo er sich unter den Schutz eines lokalen Paten begibt. Er heiratet in dem Dorf\u00a0Corleone\u00a0die junge, naive Apollonia, obwohl zu Hause in New York seine US-amerikanische Freundin Kay auf ihn wartet. Don Vito ist inzwischen genesen, hat aber M\u00fche, seine Macht gegen die anderen Mafia-Familien zu behaupten. Er m\u00f6chte Frieden schlie\u00dfen, doch die anderen nehmen es ihm weiterhin \u00fcbel, dass er sie nicht beim Drogenhandel unterst\u00fctzt. Der j\u00e4hzornige Sonny wird nun durch den Verrat seines Schwagers Carlo in einen Hinterhalt gelockt und erschossen. Auch Michaels Versteck auf Sizilien wird verraten; eine ihm zugedachte\u00a0Autobombe\u00a0t\u00f6tet aber Apollonia.<\/p>\n<p style=\"direction: ltr;\">Jetzt schlie\u00dft Don Vito Frieden mit Don Tattaglia, um Michael zu retten. Bei dieser Gelegenheit erkennt er, dass in Wahrheit der m\u00e4chtige Pate Don Barzini von Anfang an sein eigentlicher Feind war. Michael kehrt nach New York zur\u00fcck, erneuert die Beziehung zu Kay und \u00fcbernimmt faktisch die Gesch\u00e4fte, wobei sein Vater als sein Berater fungiert. Die Corleones planen, in Las Vegas ein Casino zu \u00fcbernehmen und New York zu verlassen; als es zum Konflikt mit dem Casinobetreiber Moe Greene kommt, der mit Barzini verb\u00fcndet ist, warnt Michael seinen Bruder Fredo, sich nie wieder gegen die eigene Familie zu stellen: Fredo hatte sich nach dem Attentat auf seinen Vater nach Las Vegas begeben und unter den Schutz von Moe Greene gestellt, bei den Verhandlungen Michaels mit Greene hatte er f\u00fcr diesen Partei ergriffen. Immer deutlicher zeigt sich, dass nur Michael \u00fcber die erforderlichen F\u00e4higkeiten verf\u00fcgt, seinen Vater als Paten zu beerben, da er (im Gegensatz zu Fredo) seinen Verstand und (im Gegensatz zu Sonny) seine Selbstbeherrschung geerbt hat.<\/p>\n<p style=\"direction: ltr;\">Nachdem Don Vito an einem\u00a0Herzinfarkt\u00a0gestorben ist, holt Michael daher zum Rundumschlag gegen die Feinde der Familie aus. Er l\u00e4sst am Tag der Taufe seines Neffen, f\u00fcr den er Pate steht, gleichzeitig s\u00e4mtliche Oberh\u00e4upter der konkurrierenden vier Mafia-Familien ermorden, darunter Barzini, und verschont auch Moe Greene und abtr\u00fcnnig gewordene Mitglieder seiner eigenen Familie nicht. Dazu z\u00e4hlt sein Schwager Carlo, der mit einer\u00a0Garrote\u00a0erw\u00fcrgt wird, nachdem er zugegeben hat, Sonny verraten zu haben. Michael l\u00e4sst au\u00dferdem seinen\u00a0Capo\u00a0Tessio beseitigen, der ihn im Auftrag Barzinis in eine Falle locken sollte. Als seine Schwester Connie ihm aufgel\u00f6st vorwirft, er habe ihren Mann Carlo ermorden lassen und sei nun selbst ein herzloser Mafiapate, fragt ihn Kay, mit der er inzwischen verheiratet ist, ob dies die Wahrheit sei. Michael leugnet, den Mord an seinem Schwager befohlen zu haben. Sie glaubt ihm zun\u00e4chst. Anschlie\u00dfend muss sie jedoch beobachten, wie ihr Mann von seinen Partnern in einer Unterwerfungszeremonie als neuer Pate begr\u00fc\u00dft wird. Sie wei\u00df nun, dass er sie belogen hat und immer bel\u00fcgen wird.<\/p>\n","protected":false},"excerpt":{"rendered":"<p style=\"direction: ltr;\"><strong>Zusammenfassung<\/strong><\/p>\n<p style=\"direction: ltr;\">Der Pate (Originaltitel: The Godfather) ist ein US-amerikanischer Mafiafilm aus dem Jahr 1972 von Francis Ford Coppola, basierend auf dem gleichnamigen Roman von Mario Puzo, der gemeinsam mit Coppola auch das Drehbuch verfasste. Der Film mit Marlon Brando und Al Pacino in den Hauptrollen war f\u00fcr elf Oscars nominiert, von denen er drei gewann. Der Pate war an den Kinokassen ein herausragender Erfolg und z\u00e4hlt zu den k\u00fcnstlerisch bedeutendsten Werken der Filmgeschichte.<\/p>\n<p style=\"direction: ltr;\">Die Fortsetzungen Der Pate \u2013 Teil II und Der Pate III erz\u00e4hlen die Geschichte weiter und thematisieren in R\u00fcckblenden auch die Vorgeschichte der Corleones.<\/p>\n","protected":false},"featured_media":3140,"comment_status":"open","ping_status":"closed","template":"","meta":{"footnotes":""},"product_brand":[],"product_cat":[73],"product_tag":[],"class_list":{"0":"post-3569","1":"product","2":"type-product","3":"status-publish","4":"has-post-thumbnail","6":"product_cat-filme","8":"first","9":"outofstock","10":"sold-individually","11":"shipping-taxable","12":"purchasable","13":"product-type-variable"},"_links":{"self":[{"href":"https:\/\/deutsch-arena.com\/de\/wp-json\/wp\/v2\/product\/3569","targetHints":{"allow":["GET"]}}],"collection":[{"href":"https:\/\/deutsch-arena.com\/de\/wp-json\/wp\/v2\/product"}],"about":[{"href":"https:\/\/deutsch-arena.com\/de\/wp-json\/wp\/v2\/types\/product"}],"replies":[{"embeddable":true,"href":"https:\/\/deutsch-arena.com\/de\/wp-json\/wp\/v2\/comments?post=3569"}],"version-history":[{"count":0,"href":"https:\/\/deutsch-arena.com\/de\/wp-json\/wp\/v2\/product\/3569\/revisions"}],"wp:featuredmedia":[{"embeddable":true,"href":"https:\/\/deutsch-arena.com\/de\/wp-json\/wp\/v2\/media\/3140"}],"wp:attachment":[{"href":"https:\/\/deutsch-arena.com\/de\/wp-json\/wp\/v2\/media?parent=3569"}],"wp:term":[{"taxonomy":"product_brand","embeddable":true,"href":"https:\/\/deutsch-arena.com\/de\/wp-json\/wp\/v2\/product_brand?post=3569"},{"taxonomy":"product_cat","embeddable":true,"href":"https:\/\/deutsch-arena.com\/de\/wp-json\/wp\/v2\/product_cat?post=3569"},{"taxonomy":"product_tag","embeddable":true,"href":"https:\/\/deutsch-arena.com\/de\/wp-json\/wp\/v2\/product_tag?post=3569"}],"curies":[{"name":"wp","href":"https:\/\/api.w.org\/{rel}","templated":true}]}}