{"id":3544,"date":"2024-01-25T10:17:20","date_gmt":"2024-01-25T06:47:20","guid":{"rendered":"https:\/\/deutsch-arena.com\/product\/inception-2010\/"},"modified":"2024-03-19T04:51:37","modified_gmt":"2024-03-19T01:21:37","slug":"inception-2010","status":"publish","type":"product","link":"https:\/\/deutsch-arena.com\/de\/produkt\/inception-2010\/","title":{"rendered":"Inception (2010)"},"content":{"rendered":"<p style=\"direction: ltr;\">Das\u00a0US-Milit\u00e4r\u00a0entwickelte das sogenannte\u00a0<em>Traum-Sharing<\/em>, ein Verfahren zur Beeinflussung des Traumes eines nichtsahnenden Opfers. Angreifer k\u00f6nnen nicht nur Mitwirkende des Traumes sein, sondern k\u00f6nnen auch die Traumwelt erschaffen und kontrollieren. Aufbauend auf dieser M\u00f6glichkeit zur gemeinsamen Traumbegehung entwickelten Dominick Cobb und seine Frau Mal das Konzept vom Traum im Traum. Charakteristisch ist, dass die Zeit f\u00fcr den Tr\u00e4umenden im Traum erheblich schneller vergeht. Die\u00a0Realit\u00e4t\u00a0um ihn herum erscheint dem Tr\u00e4umenden daher langsamer. Dieser Eindruck verst\u00e4rkt sich mit jeder weiteren Traumebene.<\/p>\n<p style=\"direction: ltr;\">Nachdem Cobb und seine Frau jedoch aus einem Traum aufgewacht waren, glaubte Mal, sie befinde sich immer noch in einem Traum, und nahm sich das Leben in dem Glauben, hierdurch in der Realit\u00e4t aufzuwachen. Denn wer im Traum stirbt, wacht auf, egal in welcher Traumebene man sich befindet. Um ihren Mann zu zwingen, es ihr gleichzutun, lie\u00df sie es so aussehen, als habe er sie ermordet. Cobb fl\u00fcchtete daher aus den\u00a0Vereinigten Staaten\u00a0und musste seine Kinder dort zur\u00fccklassen.<\/p>\n<p style=\"direction: ltr;\">Basierend auf seinem gesammelten Wissen hat er sich auf das Auslesen (die sogenannte\u00a0<em>Extraction<\/em>) wertvoller Informationen aus dem\u00a0Unterbewusstsein\u00a0der jeweiligen Zielperson spezialisiert.<\/p>\n<p style=\"direction: ltr;\">Der Film beginnt mit dem Versuch Cobbs und seines Teams, mit Hilfe der Traum-Sharing-Methode geheime Informationen des\u00a0japanischen\u00a0Gesch\u00e4ftsmannes Saito zu entwenden. Der Plan scheitert knapp: Saito bemerkt rechtzeitig, dass der versuchte Raub lediglich ein durch Cobb und sein Team gesteuerter Traum in einem Traum war. Trotz des Fehlschlags zeigt sich Saito beeindruckt und engagiert Cobb: Er soll dem\u00a0Erben\u00a0eines Konkurrenzunternehmens die Zerteilung des\u00a0Konzerns\u00a0ins Bewusstsein setzen, um diesen zu schw\u00e4chen und so ein drohendes\u00a0Weltmonopol\u00a0der\u00a0Energieversorgung\u00a0zu vereiteln. Obwohl diese sogenannte\u00a0<em>Inception<\/em>\u00a0gemeinhin als unm\u00f6glich angesehen wird, sagt Cobb zu, weil Saito verspricht, ihm als Gegenleistung die R\u00fcckkehr zu seinen Kindern und\u00a0Straffreiheit\u00a0zu erm\u00f6glichen, denn Cobb ist der Einzige, dem jemals eine Inception gelungen ist.<\/p>\n<p style=\"direction: ltr;\">F\u00fcr den schwierigen Coup versammelt Cobb ein Team aus erfahrenen Experten um sich: Neben Arthur, Eames und dem\u00a0Apotheker\u00a0Yusuf, der f\u00fcr die\u00a0Sedierung\u00a0des Teams zust\u00e4ndig ist, wirbt Cobb die talentierte\u00a0Architektur-Studentin Ariadne als \u201eTraumarchitektin\u201c an. Durch gemeinsame Ausfl\u00fcge in Traumwelten mit Cobb lernt sie erstmals die M\u00f6glichkeiten der Traum-Manipulation kennen, erf\u00e4hrt jedoch auch, dass sich Cobb f\u00fcr Mals Tod verantwortlich f\u00fchlt. Mal taucht immer wieder als Cobbs unkontrollierbare\u00a0Projektion\u00a0in Tr\u00e4umen auf. Die Faszination des Projekts \u00fcberwiegt allerdings ihre Angst vor der Unberechenbarkeit von Cobbs\u00a0Psyche. Auch von der Gefahr, aus tiefen Traumebenen nicht mehr aufzuwachen und in Umnachtung zu versinken, l\u00e4sst sich zun\u00e4chst keiner im Team abschrecken.<\/p>\n<p style=\"direction: ltr;\">Der komplexe Plan wird auf einem mehrst\u00fcndigen Flug von\u00a0Sydney\u00a0nach\u00a0Los Angeles\u00a0in die Tat umgesetzt: Das Team bet\u00e4ubt heimlich Robert Fischer, das Ziel der Inception. Cobb, Arthur, Eames, Ariadne, Yusuf und Saito verbinden sich mittels einer Apparatur mit Fischer und dringen in Yusuf als ersten Tr\u00e4umer ein. Der durch das Team erzeugte Traum nimmt jedoch eine desastr\u00f6se Wende: Fischer ist mental geschult; sein Unbewusstes ver\u00fcbt daher im Traum in Form einer Privatarmee Angriffe auf die Eindringlinge. Saito wird dabei schwer verletzt. Schlie\u00dflich gelingt die Flucht in ein Versteck. Dort t\u00e4uschen sie dem entf\u00fchrten Fischer die Anwesenheit von dessen Patenonkel Peter Browning vor, der ihm von einem zweiten, geheimen\u00a0Testament\u00a0des Vaters erz\u00e4hlt. Zusammen mit dem gekidnappten Fischer fl\u00fcchtet Cobbs Team in einem\u00a0Van\u00a0vor den Angreifern. Um in eine weitere Traumebene hinabzusteigen, schlie\u00dfen sie sich w\u00e4hrend der turbulenten Fahrt abermals an eine Traum-Apparatur an, w\u00e4hrend Yusuf am Steuer versucht, den Verfolgern zu entkommen. Seine Flucht endet auf einer Br\u00fccke, wo er laut Plan den Van in den Fluss st\u00fcrzen lassen soll, um einen \u201eKick\u201c zu bewirken. Als Kick bezeichnen die Protagonisten einen Vorgang, der dazu geeignet ist, die schlafende Person aufzuwecken, etwa ein\u00a0freier Fall\u00a0oder kaltes Wasser. Dieser ist entscheidend f\u00fcr eine p\u00fcnktliche R\u00fcckkehr des Tr\u00e4umenden, da er sonst weiter im Traum verweilt. Jede Traumebene muss durch einen Kick aufgel\u00f6st werden. Beim Tr\u00e4umen mit schwacher Sedierung funktioniert auch ein Tod im Traum, um eine Ebene dar\u00fcber aufzuwachen.<\/p>\n<p style=\"direction: ltr;\">Da sich auf tieferen Bewusstseinsebenen die Geschwindigkeit der Denkprozesse potenziert, werden aus der minutenlangen Fahrt des Vans f\u00fcr die Tr\u00e4umenden Stunden innerhalb ihres Traums. Auf der zweiten Traumebene gibt sich Cobb gegen\u00fcber Fischer als dessen Verb\u00fcndeter aus, da Fischer immer st\u00e4rker auf die Eigenartigkeit des Traums reagiert. Unter dem Vorwand, die Motive der Angreifer zu hinterfragen, steigen Cobb und seine Mitarbeiter in eine noch tiefere Bewusstseinsebene von Fischer ab. Diesmal bleibt Arthur (Tr\u00e4umer der zweiten Ebene) zur\u00fcck, um durch einen\u00a0<em>Kick<\/em>\u00a0die Tr\u00e4umenden wieder zur\u00fcckzuholen. Auf der ersten Traumebene bereitet Yusuf, der sich nur mit M\u00fche gegen die Angreifer verteidigen kann, die Tr\u00e4umenden auf den Kick mit einem\u00a0Chanson\u00a0vor, das alle Traumebenen akustisch durchdringt. W\u00e4hrend auf allen Traumebenen die Eindringlinge mit immer aggressiveren Angreifern zu k\u00e4mpfen haben, gelingt es trotz der knappen Zeit, nah an das Ziel heranzukommen: Fischer soll in der dritten Traumebene seinen verstorbenen Vater sehen. Bevor Fischer jedoch den Raum betritt, wird er von Mal erschossen. Auch Saito stirbt aufgrund schwerer Verletzungen. Statt aufzugeben, \u00fcberzeugt Ariadne Cobb, eine weitere Traumebene nach unten zu steigen: in den sogenannten \u201eLimbus\u201c, wo sich jene sammeln, die in einem Traum sterben, aufgrund der starken Sedierung jedoch nicht aufwachen k\u00f6nnen. Diese Menschen sind in der Realit\u00e4t umnachtet.<\/p>\n<p style=\"direction: ltr;\">Im Limbus trifft Cobb seine dort wartende Frau, die ihn \u00fcberreden will, f\u00fcr immer dort bei ihr und ihren Kindern zu bleiben. Cobb offenbart nun, dass er nur deshalb eine Inception f\u00fcr realisierbar hielt, weil er bereits eine an seiner Frau durchgef\u00fchrt hatte: Damals injizierte er seiner Frau den Gedanken, sich nur in einem Traum zu befinden, um sie, die lieber im Traum leben wollte, wieder in die Realit\u00e4t zur\u00fcckzuf\u00fchren. Weil dieser Gedanke Mal jedoch auch in der realen Welt plagte und zu ihrem\u00a0Selbstmord\u00a0f\u00fchrte, l\u00e4sst ihn das\u00a0Schuldgef\u00fchl\u00a0nicht mehr los. Ariadne sorgt f\u00fcr einen\u00a0<em>Kick<\/em>\u00a0bei Fischer im Limbus, w\u00e4hrend er auf der dritten Traumebene von Eames mit einem\u00a0Defibrillator\u00a0wiederbelebt wird. Kurz bevor mit einem\u00a0<em>Kick<\/em>\u00a0auf allen Ebenen die Tr\u00e4umenden erwachen, trifft Fischer auf seinen Vater, und die Inception gelingt.<\/p>\n<p style=\"direction: ltr;\">Cobb bleibt freiwillig im Limbus zur\u00fcck. Er verabschiedet sich auch innerlich von seiner verstorbenen Frau und sucht Saito: Ohne ihn hat er keine Chance auf ein Wiedersehen mit seinen \u201erealen\u201c Kindern. Er erinnert den schon\u00a0vergreisten\u00a0Saito an die Abmachung und daran, dass sie sich in einem Traum befinden, den er verlassen m\u00fcsse. Kurz darauf wachen Cobb und Saito im Flugzeug auf, wo die Tr\u00e4ume ihren Anfang genommen haben. Nach einem Telefonat Saitos kommt Cobb am Flughafen ohne Probleme durch die Kontrollen und f\u00e4hrt nach Hause zu seinen Kindern. Ob dies nun ein Traum oder die Realit\u00e4t ist, bleibt jedoch offen.<\/p>\n","protected":false},"excerpt":{"rendered":"<p style=\"direction: ltr;\"><strong>\u00dcbersicht<\/strong><\/p>\n<p style=\"direction: ltr;\">Inception ist ein US-amerikanischer Science-Fiction-Heist-Film[3] aus dem Jahr 2010 und der siebte Spielfilm des britisch-US-amerikanischen Regisseurs Christopher Nolan, der auch das Drehbuch verfasste und als Produzent fungierte. Die Produktionskosten des Films betrugen 160 Millionen US-Dollar und wurden von den beiden ausf\u00fchrenden Filmproduktionsgesellschaften Warner Bros. und Legendary Pictures<\/p>\n","protected":false},"featured_media":3127,"comment_status":"open","ping_status":"closed","template":"","meta":{"footnotes":""},"product_brand":[],"product_cat":[73],"product_tag":[],"class_list":{"0":"post-3544","1":"product","2":"type-product","3":"status-publish","4":"has-post-thumbnail","6":"product_cat-filme","8":"first","9":"outofstock","10":"sold-individually","11":"shipping-taxable","12":"purchasable","13":"product-type-variable"},"_links":{"self":[{"href":"https:\/\/deutsch-arena.com\/de\/wp-json\/wp\/v2\/product\/3544","targetHints":{"allow":["GET"]}}],"collection":[{"href":"https:\/\/deutsch-arena.com\/de\/wp-json\/wp\/v2\/product"}],"about":[{"href":"https:\/\/deutsch-arena.com\/de\/wp-json\/wp\/v2\/types\/product"}],"replies":[{"embeddable":true,"href":"https:\/\/deutsch-arena.com\/de\/wp-json\/wp\/v2\/comments?post=3544"}],"version-history":[{"count":0,"href":"https:\/\/deutsch-arena.com\/de\/wp-json\/wp\/v2\/product\/3544\/revisions"}],"wp:featuredmedia":[{"embeddable":true,"href":"https:\/\/deutsch-arena.com\/de\/wp-json\/wp\/v2\/media\/3127"}],"wp:attachment":[{"href":"https:\/\/deutsch-arena.com\/de\/wp-json\/wp\/v2\/media?parent=3544"}],"wp:term":[{"taxonomy":"product_brand","embeddable":true,"href":"https:\/\/deutsch-arena.com\/de\/wp-json\/wp\/v2\/product_brand?post=3544"},{"taxonomy":"product_cat","embeddable":true,"href":"https:\/\/deutsch-arena.com\/de\/wp-json\/wp\/v2\/product_cat?post=3544"},{"taxonomy":"product_tag","embeddable":true,"href":"https:\/\/deutsch-arena.com\/de\/wp-json\/wp\/v2\/product_tag?post=3544"}],"curies":[{"name":"wp","href":"https:\/\/api.w.org\/{rel}","templated":true}]}}