{"id":3537,"date":"2024-01-25T10:18:35","date_gmt":"2024-01-25T06:48:35","guid":{"rendered":"https:\/\/deutsch-arena.com\/product\/interstellar-2014\/"},"modified":"2024-03-20T18:24:30","modified_gmt":"2024-03-20T14:54:30","slug":"interstellar-2014","status":"publish","type":"product","link":"https:\/\/deutsch-arena.com\/de\/produkt\/interstellar-2014\/","title":{"rendered":"Interstellar (2014)"},"content":{"rendered":"<p style=\"direction: ltr;\"><strong>Handlung<\/strong><\/p>\n<p style=\"direction: ltr;\">In einer\u00a0zeitlich nicht definierten Zukunft\u00a0ist der Fortbestand der Menschheit auf der Erde stark gef\u00e4hrdet. Die industrielle Zivilisation befindet sich im Niedergang, und technische Aktivit\u00e4ten wie die Raumfahrt werden als sch\u00e4dlich und zu teuer angesehen. Die Menschheit konzentriert sich vorwiegend auf die Produktion von Nahrungsmitteln, was jedoch durch sich ausbreitende Pflanzenkrankheiten (beispielsweise\u00a0Mehltau) zunehmend erschwert wird. Au\u00dferdem leiden die Menschen unter immer schlechteren Umweltbedingungen wie starken Staubst\u00fcrmen.<\/p>\n<p style=\"direction: ltr;\">Die\u00a0NASA\u00a0gibt es offiziell nicht mehr, sie operiert jedoch ohne Wissen der \u00d6ffentlichkeit weiter. 48 Jahre zuvor wurde in der N\u00e4he des\u00a0Saturn\u00a0ein\u00a0Wurmloch\u00a0entdeckt, das in eine andere\u00a0Galaxie\u00a0zu einem\u00a0Planetensystem\u00a0um ein\u00a0Schwarzes Loch\u00a0f\u00fchrt. Zehn Jahre zuvor wurden zw\u00f6lf Raumschiffe mit je einem Wissenschaftler durch das Wurmloch geschickt, um bewohnbare Planeten zu finden. Aus dem Planetensystem k\u00f6nnen nur rudiment\u00e4re Signale empfangen werden. Einzig die Daten der Wissenschaftler Miller, Mann und Edmunds deuten darauf hin, dass sie geeignete Planeten gefunden haben.<\/p>\n<p style=\"direction: ltr;\">Der verwitwete Ingenieur und ehemalige NASA-Pilot Cooper bewirtschaftet mit seinem Schwiegervater Donald, seinem Sohn Tom und seiner zehnj\u00e4hrigen Tochter Murphy eine Farm. Murphy glaubt, in ihrem Zimmer Botschaften von einem \u201eGeist\u201c zu empfangen, indem dieser B\u00fccher aus ihrem Regal st\u00f6\u00dft. Die unterschiedlich breiten L\u00fccken im B\u00fccherregal werden von ihr als\u00a0Morsezeichen\u00a0interpretiert. Eines Tages entdeckt sie nach einem Staubsturm in ihrem Zimmer unerkl\u00e4rliche Spuren im Staub. Durch einen M\u00fcnzwurf zeigt Cooper, dass eine\u00a0Schwereanomalie\u00a0die Spuren hervorruft. In diesen erkennt Cooper\u00a0bin\u00e4r\u00a0dargestellte Koordinaten, welche ihn und seine Tochter zu einem geheimen NASA-Standort f\u00fchren. Dort erfahren sie von Professor Brand, dem Leiter der NASA, von deren geheimer T\u00e4tigkeit und dass es eine weitere Mission durch das Wurmloch mit dem Raumschiff\u00a0<i>Endurance<\/i>\u00a0geben wird. Brand glaubt, dass der unbekannte Erzeuger der Schwereanomalien Cooper als Kommandanten der\u00a0<i>Endurance<\/i>\u00a0ausgew\u00e4hlt hat. Die neue Mission soll den Signalen von Miller, Mann und Edmunds nachgehen und Gewissheit dar\u00fcber bringen, ob die entdeckten Planeten tats\u00e4chlich f\u00fcr die menschliche Besiedlung geeignet sind.<\/p>\n<p style=\"direction: ltr;\">Professor Brand arbeitet seit Jahrzehnten an einer Theorie, mit der\u00a0Quantenphysik\u00a0und\u00a0Gravitation\u00a0vereint werden sollen. Damit k\u00f6nnte eine gro\u00dfe Zahl von Menschen mithilfe einer\u00a0Raumstation\u00a0durch das Wurmloch auf einen neuen Planeten gebracht werden. Dies ist Professor Brands\u00a0<i>Plan A<\/i>\u00a0zur Rettung der Menschheit. Allerdings konnte Brand seine Theorie bislang nicht vollenden. Daher sieht sein\u00a0<i>Plan B<\/i>\u00a0vor, lediglich tiefgefrorene befruchtete Eizellen zu einem neuen Planeten zu bringen und dort eine neue Population von Menschen heranzuziehen. Diese Eizellen werden von der\u00a0<i>Endurance<\/i>\u00a0mitgef\u00fchrt. Cooper tritt die Mission unter einer Voraussetzung an: Brand soll seine Theorie vollenden, damit Plan A umgesetzt und Coopers Familie gerettet werden kann.<\/p>\n<p style=\"direction: ltr;\">Murphy will nicht, dass ihr Vater sie verl\u00e4sst, was auch der \u201eGeist\u201c durch eine erneute Botschaft \u201eBleib!\u201c zu bekr\u00e4ftigen scheint. Daher verzichtet sie darauf, sich von ihm zu verabschieden. Cooper wird von der Wissenschaftlerin Amelia Brand begleitet, Professor Brands Tochter, au\u00dferdem von den Wissenschaftlern Romilly und Doyle sowie den beiden Robotern TARS und CASE, die \u00fcber eine\u00a0k\u00fcnstliche Intelligenz\u00a0verf\u00fcgen.<\/p>\n<p style=\"direction: ltr;\">Der zuerst angesteuerte, von Miller erforschte Planet befindet sich in der N\u00e4he des Schwarzen Lochs\u00a0<i>Gargantua<\/i>. Wegen der gravitationsbedingten\u00a0Zeitdilatation\u00a0entspricht eine Stunde auf dem Planeten sieben Jahren au\u00dferhalb des unmittelbaren Einflussbereichs der Gravitation des Schwarzen Lochs. W\u00e4hrend Romilly und TARS im Raumschiff zur\u00fcckbleiben, landen Cooper, Amelia, Doyle und CASE mit einem Shuttle auf dem Planeten, der kniehoch\u00a0mit Wasser bedeckt\u00a0ist. Sie finden lediglich die Tr\u00fcmmer von Millers Raumschiff und kurz darauf wird klar, wodurch es zerst\u00f6rt wurde: \u00dcber die Oberfl\u00e4che des Planeten ziehen st\u00fcndlich berghohe Wellen. Als Cooper die n\u00e4chste Welle bemerkt, will Amelia noch einen Datentr\u00e4ger aus Millers Wrack bergen. Dabei wird sie von einem Tr\u00fcmmerteil eingeklemmt und von CASE gerettet. Zwar gelangen beide rechtzeitig zur\u00fcck ins Shuttle, doch Doyle wird davongesp\u00fclt und das Shuttle besch\u00e4digt. Knapp vor der n\u00e4chsten Welle k\u00f6nnen sie starten und zur\u00a0<i>Endurance<\/i>\u00a0zur\u00fcckkehren. Dort sind inzwischen mehr als 23 Jahre vergangen, die Romilly im\u00a0K\u00e4lteschlaf\u00a0und mit dem Studium des Schwarzen Lochs verbrachte.<\/p>\n<p style=\"direction: ltr;\">Auf der Erde arbeitet die inzwischen erwachsene Murphy seit langem mit Professor Brand zusammen. Auf dem Sterbebett gesteht er ihr, bereits vor Jahrzehnten erkannt zu haben, dass seine Theorie nicht vollendet werden kann. Dies hielt er geheim, weil er dem \u00dcberleben der Menschheit durch\u00a0<i>Plan B<\/i>\u00a0Vorrang einr\u00e4umte. Lediglich Mann wusste davon. Durch eine Videobotschaft Murphys erfahren Cooper und Amelia von der T\u00e4uschung.<\/p>\n<p style=\"direction: ltr;\">Als N\u00e4chstes steuert die\u00a0<i>Endurance<\/i>\u00a0Manns Planeten an, der sich als unbewohnbare Eisw\u00fcste herausstellt. Mann \u00fcberlebte im K\u00e4lteschlaf und f\u00e4lschte Daten, um eine weitere Mission anzulocken und gerettet zu werden. Er gesteht Cooper seine Datenf\u00e4lschung und versucht ihn zu t\u00f6ten, doch Amelia kann ihn in letzter Sekunde retten. Als Romilly derweil auf das Datenarchiv von Manns deaktiviertem Roboter KIPP zugreift, explodiert dieser, da er offenbar von Mann manipuliert wurde. Dadurch wird Romilly get\u00f6tet und die Basisstation zerst\u00f6rt. Mann flieht mit einem Shuttle zur\u00a0<i>Endurance<\/i>, die sich im\u00a0Orbit\u00a0um den Planeten befindet. Bei dem Versuch, manuell anzudocken, stirbt Mann infolge einer explosiven Dekompression in einer Verbindungsschleuse. Dadurch wird auch das Raumschiff stark besch\u00e4digt. Cooper und Amelia gelingt es dennoch, mit ihrem Shuttle anzudocken und die\u00a0<i>Endurance<\/i>\u00a0wieder unter Kontrolle zu bringen.<\/p>\n<p style=\"direction: ltr;\">Sie beschlie\u00dfen, auch noch den von Edmunds entdeckten Planeten anzusteuern. Da zu wenig Treibstoff verblieben ist, kann der Planet nur mittels eines\u00a0Swing-by-Man\u00f6vers um\u00a0<i>Gargantua<\/i>\u00a0erreicht werden. Zudem m\u00fcssen w\u00e4hrend des Man\u00f6vers zwei Shuttles abgesto\u00dfen werden, was aufgrund der Besch\u00e4digung der\u00a0<i>Endurance<\/i>\u00a0nur von diesen aus gelingt. Daher befinden sich TARS bzw. Cooper an Bord dieser Shuttles. TARS soll zudem versuchen, die Daten \u00fcber das Schwarze Loch zu sammeln, die zur Vollendung von Professor Brands Theorie f\u00fchren k\u00f6nnen. Amelia verbleibt mit CASE ungewollt allein in der\u00a0<i>Endurance<\/i>\u00a0auf dem Weg zu Edmunds\u2019 Planeten.<\/p>\n<p style=\"direction: ltr;\">Cooper und TARS dringen mit ihren Shuttles in den\u00a0Ereignishorizont\u00a0des Schwarzen Lochs ein, werden aber nicht durch die\u00a0Gezeitenkraft\u00a0zerrissen. Stattdessen findet sich Cooper in einem riesigen\u00a0Tesserakt\u00a0wieder, in dem das Zimmer der jungen Murphy im Farmhaus zu verschiedenen Zeitpunkten vorhanden zu sein scheint. Cooper spekuliert, dass der Tesserakt und das Wurmloch nicht von unbestimmten \u201eWesen\u201c geschaffen wurden, sondern von Menschen der Zukunft, die sich zu f\u00fcnfdimensionalen Wesen weiterentwickelt haben und dadurch in der Lage sind, sich nach Belieben durch die\u00a0Zeit zu bewegen\u00a0und die Gravitation zu manipulieren.<\/p>\n<p style=\"direction: ltr;\">Cooper begreift, dass er durch Manipulation der Schwerkraft mit seiner Tochter in der Vergangenheit kommunizieren kann: Murphys \u201eGeist\u201c ist er selbst. Cooper \u00fcbermittelt die Botschaften, welche die zehnj\u00e4hrige Murphy empfangen hat, so die Koordinaten der NASA-Zentrale und das \u201eBleib!\u201c. Dann meldet sich TARS bei Cooper. Er hat im Inneren des Schwarzen Lochs die noch fehlenden Daten gesammelt. Cooper \u00fcbermittelt diese der erwachsenen Murphy mittels Morsezeichen \u00fcber den Sekundenzeiger einer Armbanduhr, die er ihr vor seinem Weggang als Andenken geschenkt hatte. Nachdem die Botschaften \u00fcbermittelt worden sind, verschwindet der Tesserakt. Murphy gelingt tats\u00e4chlich die Vollendung der Theorie und damit eine\u00a0Vereinigung von Relativit\u00e4t und Quantenphysik, wodurch die Menschen von der Erde evakuiert werden k\u00f6nnen. Cooper und TARS stranden in der N\u00e4he des Saturn am Eingang des Wurmlochs.<\/p>\n<p style=\"direction: ltr;\">Cooper kommt in einem Krankenbett zu sich. Er erf\u00e4hrt, dass er sich auf einer riesigen Raumstation befindet und nach Erdzeit 124 Jahre alt ist, obwohl f\u00fcr ihn selbst w\u00e4hrend seines Raumflugs nur wenig Zeit vergangen ist. Viele Menschen konnten die Erde verlassen und leben nun in solchen komfortablen Raumstationen. Murphy ist inzwischen \u00fcber 90 Jahre alt. Als Cooper sie besucht, liegt sie auf dem Sterbebett, umgeben von ihren Nachkommen. Sie legt ihm nahe, Amelia \u201edort drau\u00dfen\u201c zu suchen. Cooper nimmt sich daraufhin ohne Erlaubnis ein Raumschiff und fliegt mit dem reaktivierten TARS davon.<\/p>\n<p style=\"direction: ltr;\">Amelia ist zwischenzeitlich mit CASE auf Edmunds\u2019 Planet angekommen. Sie steht ohne Schutzhelm in einer kargen Landschaft an Edmunds\u2019 Grab. Im Hintergrund steht eine kleine, funktionierende Station.<\/p>\n","protected":false},"excerpt":{"rendered":"<p style=\"direction: ltr;\"><strong>\u00dcbersicht<\/strong><\/p>\n<p style=\"direction: ltr;\"><b>Interstellar<\/b>\u00a0ist ein\u00a0US-amerikanisch-britischer\u00a0Science-Fiction-Film unter der Regie von\u00a0Christopher Nolan\u00a0aus dem Jahr 2014. Der Film spielt in einer\u00a0dystopischen\u00a0Zukunft, in der die Menschheit die\u00a0Erde\u00a0verlassen muss und ein neues Zuhause auf einem anderen\u00a0Planeten\u00a0sucht.<\/p>\n<p style=\"direction: ltr;\">Nolan \u00fcberarbeitete das Drehbuch seines Bruders\u00a0Jonathan, das dieser 2007 f\u00fcr die Produzentin\u00a0Lynda Obst\u00a0und\u00a0Paramount Pictures\u00a0verfasst hatte,<sup id=\"cite_ref-dl-2013-03-08_3-0\" class=\"reference\"><\/sup>\u00a0und produzierte\u00a0<i>Interstellar<\/i>\u00a0mit Obst und\u00a0Emma Thomas. Die Finanzierung und Vermarktung \u00fcbernahmen Paramount Pictures und\u00a0Warner Bros.\u00a0gemeinsam. Der sp\u00e4tere\u00a0Physiknobelpreistr\u00e4ger\u00a0Kip Thorne\u00a0wirkte als wissenschaftlicher Berater sowie\u00a0Executive Producer\u00a0mit.<sup id=\"cite_ref-4\" class=\"reference\"><\/sup><\/p>\n<p style=\"direction: ltr;\">Der Film feierte seine Premiere am 26.\u00a0Oktober 2014 in Los Angeles. Er\u00a0startete\u00a0am 5.\u00a0November 2014 in den Vereinigten Staaten in ausgew\u00e4hlten Kinos und einen Tag darauf in den deutschsprachigen L\u00e4ndern.<sup id=\"cite_ref-STARTTERMINE_5-0\" class=\"reference\"><\/sup><sup id=\"cite_ref-fs-2014-08-05_6-0\" class=\"reference\"><\/sup>\u00a0Von der\u00a0Filmkritik\u00a0wurde\u00a0<i>Interstellar<\/i>\u00a0unterschiedlich aufgenommen, insbesondere wurde die visuelle Umsetzung von wissenschaftlichen Theorien hervorgehoben. F\u00fcr seine visuellen Effekte wurde\u00a0<i>Interstellar<\/i>\u00a0mit dem\u00a0Oscar\u00a0und dem\u00a0British Academy Film Award ausgezeichnet.\u00a0<sup id=\"cite_ref-imdbawards_7-0\" class=\"reference\"><\/sup>An den Kinokassen war der Film mit einem weltweiten\u00a0Einspielergebnis\u00a0von 773 Millionen US-Dollar ein Erfolg.<sup id=\"cite_ref-boxoffice2023_8-0\" class=\"reference\"><\/sup><\/p>\n","protected":false},"featured_media":3128,"comment_status":"open","ping_status":"closed","template":"","meta":{"footnotes":""},"product_brand":[],"product_cat":[73],"product_tag":[],"class_list":{"0":"post-3537","1":"product","2":"type-product","3":"status-publish","4":"has-post-thumbnail","6":"product_cat-filme","8":"first","9":"outofstock","10":"sold-individually","11":"shipping-taxable","12":"purchasable","13":"product-type-variable"},"_links":{"self":[{"href":"https:\/\/deutsch-arena.com\/de\/wp-json\/wp\/v2\/product\/3537","targetHints":{"allow":["GET"]}}],"collection":[{"href":"https:\/\/deutsch-arena.com\/de\/wp-json\/wp\/v2\/product"}],"about":[{"href":"https:\/\/deutsch-arena.com\/de\/wp-json\/wp\/v2\/types\/product"}],"replies":[{"embeddable":true,"href":"https:\/\/deutsch-arena.com\/de\/wp-json\/wp\/v2\/comments?post=3537"}],"version-history":[{"count":0,"href":"https:\/\/deutsch-arena.com\/de\/wp-json\/wp\/v2\/product\/3537\/revisions"}],"wp:featuredmedia":[{"embeddable":true,"href":"https:\/\/deutsch-arena.com\/de\/wp-json\/wp\/v2\/media\/3128"}],"wp:attachment":[{"href":"https:\/\/deutsch-arena.com\/de\/wp-json\/wp\/v2\/media?parent=3537"}],"wp:term":[{"taxonomy":"product_brand","embeddable":true,"href":"https:\/\/deutsch-arena.com\/de\/wp-json\/wp\/v2\/product_brand?post=3537"},{"taxonomy":"product_cat","embeddable":true,"href":"https:\/\/deutsch-arena.com\/de\/wp-json\/wp\/v2\/product_cat?post=3537"},{"taxonomy":"product_tag","embeddable":true,"href":"https:\/\/deutsch-arena.com\/de\/wp-json\/wp\/v2\/product_tag?post=3537"}],"curies":[{"name":"wp","href":"https:\/\/api.w.org\/{rel}","templated":true}]}}