{"id":3531,"date":"2024-01-25T10:22:35","date_gmt":"2024-01-25T06:52:35","guid":{"rendered":"https:\/\/deutsch-arena.com\/product\/poor-things-2023\/"},"modified":"2024-03-20T03:08:45","modified_gmt":"2024-03-19T23:38:45","slug":"poor-things-2023","status":"publish","type":"product","link":"https:\/\/deutsch-arena.com\/de\/produkt\/poor-things-2023\/","title":{"rendered":"Poor Things (2023)"},"content":{"rendered":"<p style=\"direction: ltr;\">Im\u00a0viktorianischen\u00a0London\u00a0ertr\u00e4nkt sich die schwangere Victoria Blessington, indem sie von der\u00a0Tower Bridge\u00a0in die\u00a0Themse\u00a0springt. Ihr Leichnam ger\u00e4t in die H\u00e4nde des brillanten und exzentrischen Arztes Godwin Baxter, der die Unbekannte zu retten versucht.<\/p>\n<p style=\"direction: ltr;\">Baxters K\u00f6rper ist schwer entstellt, weil er als Kind von seinem Vater f\u00fcr zahlreiche Experimente missbraucht wurde. Der Vater war, wie Baxter, streng wissenschaftsgl\u00e4ubig. Baxter hatte in der Vergangenheit bereits erfolgreich chirurgisch zahlreiche Tierarten miteinander gekreuzt. Er ersetzt nun Victorias Gehirn durch das ihres ungeborenen Kindes. Tats\u00e4chlich steht die Tote mit Hilfe einer der Frankenstein-\u00c4sthetik nachgebauten Elektroschockbehandlung auf und wird fortan von ihrem Retter \u201eBella\u201c genannt. Bella hat das geistige Alter eines Kleinkinds und verh\u00e4lt sich unberechenbar. Sie wird von Doktor Baxter und seiner Haush\u00e4lterin Mrs. Prim absichtlich isoliert und in seinem eleganten Stadthaus unterrichtet und betreut. Dabei l\u00e4sst man sie in dem Glauben, dass ihre Eltern Abenteurer waren und bei einem Erdrutsch in S\u00fcdamerika ums Leben kamen. Doktor Baxter, ein\u00a0Eunuch, unterh\u00e4lt zu Bella eine Art v\u00e4terliche Zuneigung und f\u00fchrt sie auch an das\u00a0Obduzieren\u00a0von Leichen heran. Sie nennt ihn liebevoll \u201eGod\u201c.<\/p>\n<p style=\"direction: ltr;\">Bella bewegt sich seltsam und spricht ein abgehacktes britisches Englisch, mit sehr kurzen S\u00e4tzen. Im Laufe ihrer Entwicklung werden ihre Bewegungen normal und ihr Englisch flie\u00dfend.<\/p>\n<p style=\"direction: ltr;\">Um Bellas Fortschritte zu dokumentieren, stellt Baxter seinen jungen Medizinstudenten Max McCandles als Assistenten an. Er weiht diesen sp\u00e4ter in den medizinischen Eingriff an ihr ein. Der gutm\u00fctige Max verliebt sich mit der Zeit in Bella, die langsam ihren K\u00f6rper zu erforschen beginnt und zuf\u00e4llig\u00a0Masturbation\u00a0kennenlernt. Er erh\u00e4lt von seinem Mentor die Erlaubnis, Bella zu heiraten. Die Bedingung ist, dass das Paar weiterhin mit Baxter zusammenwohnt. Als die Hochzeit juristisch vollzogen werden soll, wird Bella von dem zwielichtigen Anwalt Duncan Wedderburn verf\u00fchrt. Durch Bellas naiv wirkende Direktheit schl\u00e4gt der Film ab hier starke T\u00f6ne der Frauenempanzipation an.<\/p>\n<p style=\"direction: ltr;\">Der\u00a0misogyne\u00a0Chauvinist\u00a0Duncan nimmt sie mit auf eine Reise durch Europa voller sinnlicher Gen\u00fcsse und Abenteuer. In\u00a0Lissabon\u00a0folgt Bella, die sich bis zu drei Mal am Tag mit Duncan sexuell vergn\u00fcgt, zusehends ihrem\u00a0freien Willen. Sie entdeckt allein die Stadt, zeigt sich beeindruckt vom\u00a0Fado\u00a0und betrinkt sich das erste Mal. Sie wird im Beisein von Duncan als Victoria Blessington wiedererkannt. Bella ist sich jedoch ihrer fr\u00fcheren Identit\u00e4t als Victoria nicht bewusst. Duncan verzweifelt an Bellas Erkundung der Welt. Von Eifersucht gepeinigt entf\u00fchrt er sie nun auf ein Kreuzfahrtschiff, um sie besser kontrollieren zu k\u00f6nnen. Aber Bellas Gehirn reift weiter. Sie entwickelt, unterst\u00fctzt durch die Mitreisenden Martha (gespielt von\u00a0Hanna Schygulla) und Harry Astley, ein soziales Gewissen, beginnt viel zu lesen und sich der\u00a0Philosophie\u00a0zu widmen, sehr zum Verdruss von Duncan. Harry macht Bella bei einem Aufenthalt in\u00a0Alexandria\u00a0auf das S\u00e4uglingssterben in den dortigen Slums aufmerksam. Daraufhin beschlie\u00dft sie, einen gro\u00dfen Gl\u00fccksspielgewinn Duncans den Armen zu schenken. Duncan ist damit zahlungsunf\u00e4hig; die beiden m\u00fcssen das Schiff verlassen und \u00fcbersiedeln nach\u00a0Paris. Dort erlebt ihre Beziehung einen weiteren Tiefpunkt und es kommt zur Trennung.<\/p>\n<p style=\"direction: ltr;\">Bella erkennt, dass sie durch\u00a0Sexarbeit\u00a0finanzielle Unabh\u00e4ngigkeit erreichen kann und heuert im\u00a0Bordell\u00a0von Mrs. Swiney an. Sie lernt die brutalen Gel\u00fcste und \u00fcblen K\u00f6rperger\u00fcche der Kunden kennen und schl\u00e4gt vor, zuk\u00fcnftig nicht die M\u00e4nner die Frauen ausw\u00e4hlen zu lassen, sondern umgekehrt. Das st\u00f6\u00dft auf Ablehnung. Bella entwickelt eine Freundschaft mit der Prostituierten Toinette. Durch sie kommt sie in Kontakt mit\u00a0sozialistischen\u00a0Ideen und dem aufkeimenden Feminismus. Die Trauer \u00fcber alles auf der Reise Erlebte macht sie\u00a0depressiv. Sie beginnt Medizin zu studieren.<\/p>\n<p style=\"direction: ltr;\">Zuhause in London erkrankt Bellas Ziehvater Godwin Baxter unheilbar an Krebs. Seinem Assistenten Max gelingt es, mit Hilfe des mittlerweile in eine Irrenanstalt eingewiesenen Duncan den Aufenthaltsort von Bella herauszufinden. Zur\u00fcck in London fordert Bella von Baxter die Wahrheit \u00fcber dessen chirurgischen Eingriff an ihr ein; die wiederholten Nachfragen Toinettes bez\u00fcglich ihrer Kaiserschnittnarbe haben sie stutzig werden lassen. Sie beschlie\u00dft, die Arztpraxis des sterbenden Baxter zu \u00fcbernehmen und Max zu heiraten. Durch eine Intrige Duncans erscheint jedoch Alfie Blessington bei der Trauung, der sich als Bellas bzw. Victorias Ehemann zu erkennen gibt. Aus Neugierde, mehr \u00fcber ihr fr\u00fcheres Leben zu erfahren, entscheidet sie sich, in Alfies Haus zur\u00fcckzukehren. Bald wird ihr jedoch die Grausamkeit des verm\u00f6genden Kriegshelden bewusst. Der General hat sie eingesperrt. Er plant, sie\u00a0beschneiden\u00a0zu lassen und damit ruhig zu stellen. Bella gelingt es, Alfie zu \u00fcberw\u00e4ltigen. Sie l\u00e4sst seine schwere Verletzung im Hause Baxters behandeln: Mit chirurgischer Pr\u00e4zision tauschen Max und Bella Alfie Blessingtons Gehirn gegen das einer Ziege aus. Doktor Baxter stirbt friedlich im Beisein der beiden. Am Ende lebt Bella mit Max, Toinette, Felicity und Mrs. Prim in Baxters Haus, w\u00e4hrend Alfie wie eine Ziege durch den Garten l\u00e4uft. Bella bereitet sich auf eine Anatomiepr\u00fcfung vor.<\/p>\n","protected":false},"excerpt":{"rendered":"<p style=\"direction: ltr;\"><b>Poor Things<\/b>\u00a0(deutsch\u00a0<span lang=\"de-Latn\">\u201eArme Dinger\u201c<\/span>) ist ein\u00a0britischer\u00a0Spielfilm\u00a0von\u00a0Giorgos Lanthimos\u00a0aus dem Jahr\u00a02023. Basierend auf dem gleichnamigen\u00a0schwarzhumorigen\u00a0Roman von\u00a0Alasdair Gray\u00a0(dt. Titel:\u00a0<i>Arme Dinger<\/i>) wird eine\u00a0feministische\u00a0Variation \u00fcber\u00a0Frankenstein\u00a0erz\u00e4hlt. Die Hauptrolle \u00fcbernahm\u00a0Emma Stone.<\/p>\n<p style=\"direction: ltr;\">Stone spielt die im Mittelpunkt der Handlung stehende freiheitsliebende Bella, die im\u00a0England\u00a0des\u00a019. Jahrhunderts\u00a0von den Toten wiederaufersteht. Die Urauff\u00fchrung fand Anfang September 2023 im Rahmen der\u00a0Internationalen Filmfestspiele von Venedig\u00a0statt. Dort gewann\u00a0<i>Poor Things<\/i>\u00a0mit dem\u00a0Goldenen L\u00f6wen\u00a0den Hauptpreis. Die internationale Filmkritik rezensierte das Werk als bislang besten Film des Regisseurs und pries die Leistung von Hauptdarstellerin Stone. In den deutschen Kinos lief der Film regul\u00e4r am 18. Januar 2024 an. Im selben Jahr gewann\u00a0<i>Poor Things<\/i>\u00a0vier\u00a0Oscars, darunter einen Preis f\u00fcr Hauptdarstellerin Emma Stone.<\/p>\n","protected":false},"featured_media":3137,"comment_status":"open","ping_status":"closed","template":"","meta":{"footnotes":""},"product_brand":[],"product_cat":[73],"product_tag":[],"class_list":{"0":"post-3531","1":"product","2":"type-product","3":"status-publish","4":"has-post-thumbnail","6":"product_cat-filme","8":"first","9":"outofstock","10":"sold-individually","11":"shipping-taxable","12":"purchasable","13":"product-type-variable"},"_links":{"self":[{"href":"https:\/\/deutsch-arena.com\/de\/wp-json\/wp\/v2\/product\/3531","targetHints":{"allow":["GET"]}}],"collection":[{"href":"https:\/\/deutsch-arena.com\/de\/wp-json\/wp\/v2\/product"}],"about":[{"href":"https:\/\/deutsch-arena.com\/de\/wp-json\/wp\/v2\/types\/product"}],"replies":[{"embeddable":true,"href":"https:\/\/deutsch-arena.com\/de\/wp-json\/wp\/v2\/comments?post=3531"}],"version-history":[{"count":0,"href":"https:\/\/deutsch-arena.com\/de\/wp-json\/wp\/v2\/product\/3531\/revisions"}],"wp:featuredmedia":[{"embeddable":true,"href":"https:\/\/deutsch-arena.com\/de\/wp-json\/wp\/v2\/media\/3137"}],"wp:attachment":[{"href":"https:\/\/deutsch-arena.com\/de\/wp-json\/wp\/v2\/media?parent=3531"}],"wp:term":[{"taxonomy":"product_brand","embeddable":true,"href":"https:\/\/deutsch-arena.com\/de\/wp-json\/wp\/v2\/product_brand?post=3531"},{"taxonomy":"product_cat","embeddable":true,"href":"https:\/\/deutsch-arena.com\/de\/wp-json\/wp\/v2\/product_cat?post=3531"},{"taxonomy":"product_tag","embeddable":true,"href":"https:\/\/deutsch-arena.com\/de\/wp-json\/wp\/v2\/product_tag?post=3531"}],"curies":[{"name":"wp","href":"https:\/\/api.w.org\/{rel}","templated":true}]}}