{"id":3512,"date":"2024-01-27T20:31:43","date_gmt":"2024-01-27T17:01:43","guid":{"rendered":"https:\/\/deutsch-arena.com\/product\/filmvorfuehrung-inception-2010\/"},"modified":"2024-01-27T20:31:43","modified_gmt":"2024-01-27T17:01:43","slug":"filmvorfuehrung-inception-2010","status":"publish","type":"product","link":"https:\/\/deutsch-arena.com\/de\/produkt\/filmvorfuehrung-inception-2010\/","title":{"rendered":"Filmvorf\u00fchrung Inception (2010)"},"content":{"rendered":"","protected":false},"excerpt":{"rendered":"<p style=\"direction: ltr;\"><b>Inception<\/b>\u00a0ist ein\u00a0US-amerikanischer\u00a0Science-Fiction-Heist-Film<sup id=\"cite_ref-3\" class=\"reference\"><\/sup>\u00a0aus dem Jahr\u00a02010\u00a0und der siebte Spielfilm des\u00a0britisch-US-amerikanischen\u00a0Regisseurs\u00a0Christopher Nolan, der auch das\u00a0Drehbuch\u00a0verfasste und als\u00a0Produzent\u00a0fungierte. Die Produktionskosten des Films betrugen 160 Millionen\u00a0US-Dollar\u00a0und wurden von den beiden ausf\u00fchrenden\u00a0Filmproduktionsgesellschaften\u00a0Warner Bros.\u00a0und\u00a0Legendary Pictures\u00a0getragen.<\/p>\n<p style=\"direction: ltr;\">Nolan entwirft darin ein komplexes Modell der Beeinflussung des Bewusstseins durch gemeinsames Tr\u00e4umen. Der\u00a0Protagonist\u00a0Dominick Cobb, gespielt von\u00a0Leonardo DiCaprio, hat sich darauf spezialisiert, w\u00e4hrend eines\u00a0Traumes\u00a0wertvolle Informationen aus dem\u00a0Unbewussten\u00a0der Opfer zu stehlen. Nach einem gescheiterten Auftrag erh\u00e4lt Cobb die Aufgabe, eine Inception, das Einpflanzen eines Gedankens in das Unterbewusstsein eines Opfers, durchzuf\u00fchren. Gelingt der als unm\u00f6glich geltende Auftrag, erh\u00e4lt Cobb durch den m\u00e4chtigen Auftraggeber die M\u00f6glichkeit, nach langer Zeit im\u00a0Exil\u00a0wieder in die\u00a0Vereinigten Staaten\u00a0einzureisen und seine Kinder wiederzusehen.<\/p>\n<p style=\"direction: ltr;\">Der Film, der von Kritikern f\u00fcr die ungew\u00f6hnlich komplexe und originelle Handlung gelobt wurde, war mit einem Einspielergebnis von \u00fcber 825 Millionen US-Dollar auch ein kommerzieller Erfolg.\u00a0<i>Inception<\/i>\u00a0wurde unter anderem mit vier\u00a0Oscars\u00a0geehrt, viermal f\u00fcr den\u00a0Golden Globe Award\u00a0nominiert und erhielt Preise bei den\u00a0Broadcast Film Critics Association Awards\u00a0und den\u00a0British Academy Film Awards.<\/p>\n","protected":false},"featured_media":3190,"comment_status":"open","ping_status":"closed","template":"","meta":{"footnotes":""},"product_brand":[],"product_cat":[65],"product_tag":[],"class_list":{"0":"post-3512","1":"product","2":"type-product","3":"status-publish","4":"has-post-thumbnail","6":"product_cat-kino","8":"first","9":"outofstock","10":"shipping-taxable","11":"purchasable","12":"product-type-simple"},"_links":{"self":[{"href":"https:\/\/deutsch-arena.com\/de\/wp-json\/wp\/v2\/product\/3512","targetHints":{"allow":["GET"]}}],"collection":[{"href":"https:\/\/deutsch-arena.com\/de\/wp-json\/wp\/v2\/product"}],"about":[{"href":"https:\/\/deutsch-arena.com\/de\/wp-json\/wp\/v2\/types\/product"}],"replies":[{"embeddable":true,"href":"https:\/\/deutsch-arena.com\/de\/wp-json\/wp\/v2\/comments?post=3512"}],"version-history":[{"count":0,"href":"https:\/\/deutsch-arena.com\/de\/wp-json\/wp\/v2\/product\/3512\/revisions"}],"wp:featuredmedia":[{"embeddable":true,"href":"https:\/\/deutsch-arena.com\/de\/wp-json\/wp\/v2\/media\/3190"}],"wp:attachment":[{"href":"https:\/\/deutsch-arena.com\/de\/wp-json\/wp\/v2\/media?parent=3512"}],"wp:term":[{"taxonomy":"product_brand","embeddable":true,"href":"https:\/\/deutsch-arena.com\/de\/wp-json\/wp\/v2\/product_brand?post=3512"},{"taxonomy":"product_cat","embeddable":true,"href":"https:\/\/deutsch-arena.com\/de\/wp-json\/wp\/v2\/product_cat?post=3512"},{"taxonomy":"product_tag","embeddable":true,"href":"https:\/\/deutsch-arena.com\/de\/wp-json\/wp\/v2\/product_tag?post=3512"}],"curies":[{"name":"wp","href":"https:\/\/api.w.org\/{rel}","templated":true}]}}