{"id":3511,"date":"2024-01-27T20:37:43","date_gmt":"2024-01-27T17:07:43","guid":{"rendered":"https:\/\/deutsch-arena.com\/product\/filmvorfuehrung-das-schweigende-klassenzimmer-2018\/"},"modified":"2024-01-27T20:37:43","modified_gmt":"2024-01-27T17:07:43","slug":"filmvorfuehrung-das-schweigende-klassenzimmer-2018","status":"publish","type":"product","link":"https:\/\/deutsch-arena.com\/de\/produkt\/filmvorfuehrung-das-schweigende-klassenzimmer-2018\/","title":{"rendered":"Filmvorf\u00fchrung Das schweigende Klassenzimmer (2018)"},"content":{"rendered":"","protected":false},"excerpt":{"rendered":"<p style=\"direction: ltr;\"><b>Das schweigende Klassenzimmer<\/b>\u00a0ist ein Spielfilm von\u00a0Lars Kraume\u00a0nach dem gleichnamigen Sachbuch von\u00a0Dietrich Garstka, in dem er die wahre Geschichte seiner Schulklasse thematisiert. Im Mittelpunkt der Handlung steht eine Abiturklasse in der\u00a0DDR, die sich anl\u00e4sslich des\u00a0Ungarischen Volksaufstands 1956\u00a0im Unterricht zu einer Schweigeminute f\u00fcr die Opfer entscheidet. Die Solidarit\u00e4tsbekundung hat Reaktionen zur Folge, mit denen weder die Sch\u00fcler noch ihre Eltern oder die Schulleitung gerechnet haben.<\/p>\n","protected":false},"featured_media":3175,"comment_status":"open","ping_status":"closed","template":"","meta":{"footnotes":""},"product_brand":[],"product_cat":[65],"product_tag":[],"class_list":{"0":"post-3511","1":"product","2":"type-product","3":"status-publish","4":"has-post-thumbnail","6":"product_cat-kino","8":"first","9":"outofstock","10":"shipping-taxable","11":"purchasable","12":"product-type-simple"},"_links":{"self":[{"href":"https:\/\/deutsch-arena.com\/de\/wp-json\/wp\/v2\/product\/3511","targetHints":{"allow":["GET"]}}],"collection":[{"href":"https:\/\/deutsch-arena.com\/de\/wp-json\/wp\/v2\/product"}],"about":[{"href":"https:\/\/deutsch-arena.com\/de\/wp-json\/wp\/v2\/types\/product"}],"replies":[{"embeddable":true,"href":"https:\/\/deutsch-arena.com\/de\/wp-json\/wp\/v2\/comments?post=3511"}],"version-history":[{"count":0,"href":"https:\/\/deutsch-arena.com\/de\/wp-json\/wp\/v2\/product\/3511\/revisions"}],"wp:featuredmedia":[{"embeddable":true,"href":"https:\/\/deutsch-arena.com\/de\/wp-json\/wp\/v2\/media\/3175"}],"wp:attachment":[{"href":"https:\/\/deutsch-arena.com\/de\/wp-json\/wp\/v2\/media?parent=3511"}],"wp:term":[{"taxonomy":"product_brand","embeddable":true,"href":"https:\/\/deutsch-arena.com\/de\/wp-json\/wp\/v2\/product_brand?post=3511"},{"taxonomy":"product_cat","embeddable":true,"href":"https:\/\/deutsch-arena.com\/de\/wp-json\/wp\/v2\/product_cat?post=3511"},{"taxonomy":"product_tag","embeddable":true,"href":"https:\/\/deutsch-arena.com\/de\/wp-json\/wp\/v2\/product_tag?post=3511"}],"curies":[{"name":"wp","href":"https:\/\/api.w.org\/{rel}","templated":true}]}}