{"id":3445,"date":"2023-12-17T07:06:31","date_gmt":"2023-12-17T03:36:31","guid":{"rendered":"https:\/\/deutsch-arena.com\/prinzipien\/"},"modified":"2025-11-28T00:27:28","modified_gmt":"2025-11-27T20:57:28","slug":"prinzipien","status":"publish","type":"page","link":"https:\/\/deutsch-arena.com\/de\/prinzipien\/","title":{"rendered":"Prinzipien"},"content":{"rendered":"\t\t<div data-elementor-type=\"wp-page\" data-elementor-id=\"3445\" class=\"elementor elementor-3445 elementor-69\" data-elementor-settings=\"{&quot;element_pack_global_tooltip_width&quot;:{&quot;unit&quot;:&quot;px&quot;,&quot;size&quot;:&quot;&quot;,&quot;sizes&quot;:[]},&quot;element_pack_global_tooltip_width_laptop&quot;:{&quot;unit&quot;:&quot;px&quot;,&quot;size&quot;:&quot;&quot;,&quot;sizes&quot;:[]},&quot;element_pack_global_tooltip_width_tablet&quot;:{&quot;unit&quot;:&quot;px&quot;,&quot;size&quot;:&quot;&quot;,&quot;sizes&quot;:[]},&quot;element_pack_global_tooltip_width_mobile_extra&quot;:{&quot;unit&quot;:&quot;px&quot;,&quot;size&quot;:&quot;&quot;,&quot;sizes&quot;:[]},&quot;element_pack_global_tooltip_width_mobile&quot;:{&quot;unit&quot;:&quot;px&quot;,&quot;size&quot;:&quot;&quot;,&quot;sizes&quot;:[]},&quot;element_pack_global_tooltip_padding&quot;:{&quot;unit&quot;:&quot;px&quot;,&quot;top&quot;:&quot;&quot;,&quot;right&quot;:&quot;&quot;,&quot;bottom&quot;:&quot;&quot;,&quot;left&quot;:&quot;&quot;,&quot;isLinked&quot;:true},&quot;element_pack_global_tooltip_padding_laptop&quot;:{&quot;unit&quot;:&quot;px&quot;,&quot;top&quot;:&quot;&quot;,&quot;right&quot;:&quot;&quot;,&quot;bottom&quot;:&quot;&quot;,&quot;left&quot;:&quot;&quot;,&quot;isLinked&quot;:true},&quot;element_pack_global_tooltip_padding_tablet&quot;:{&quot;unit&quot;:&quot;px&quot;,&quot;top&quot;:&quot;&quot;,&quot;right&quot;:&quot;&quot;,&quot;bottom&quot;:&quot;&quot;,&quot;left&quot;:&quot;&quot;,&quot;isLinked&quot;:true},&quot;element_pack_global_tooltip_padding_mobile_extra&quot;:{&quot;unit&quot;:&quot;px&quot;,&quot;top&quot;:&quot;&quot;,&quot;right&quot;:&quot;&quot;,&quot;bottom&quot;:&quot;&quot;,&quot;left&quot;:&quot;&quot;,&quot;isLinked&quot;:true},&quot;element_pack_global_tooltip_padding_mobile&quot;:{&quot;unit&quot;:&quot;px&quot;,&quot;top&quot;:&quot;&quot;,&quot;right&quot;:&quot;&quot;,&quot;bottom&quot;:&quot;&quot;,&quot;left&quot;:&quot;&quot;,&quot;isLinked&quot;:true},&quot;element_pack_global_tooltip_border_radius&quot;:{&quot;unit&quot;:&quot;px&quot;,&quot;top&quot;:&quot;&quot;,&quot;right&quot;:&quot;&quot;,&quot;bottom&quot;:&quot;&quot;,&quot;left&quot;:&quot;&quot;,&quot;isLinked&quot;:true},&quot;element_pack_global_tooltip_border_radius_laptop&quot;:{&quot;unit&quot;:&quot;px&quot;,&quot;top&quot;:&quot;&quot;,&quot;right&quot;:&quot;&quot;,&quot;bottom&quot;:&quot;&quot;,&quot;left&quot;:&quot;&quot;,&quot;isLinked&quot;:true},&quot;element_pack_global_tooltip_border_radius_tablet&quot;:{&quot;unit&quot;:&quot;px&quot;,&quot;top&quot;:&quot;&quot;,&quot;right&quot;:&quot;&quot;,&quot;bottom&quot;:&quot;&quot;,&quot;left&quot;:&quot;&quot;,&quot;isLinked&quot;:true},&quot;element_pack_global_tooltip_border_radius_mobile_extra&quot;:{&quot;unit&quot;:&quot;px&quot;,&quot;top&quot;:&quot;&quot;,&quot;right&quot;:&quot;&quot;,&quot;bottom&quot;:&quot;&quot;,&quot;left&quot;:&quot;&quot;,&quot;isLinked&quot;:true},&quot;element_pack_global_tooltip_border_radius_mobile&quot;:{&quot;unit&quot;:&quot;px&quot;,&quot;top&quot;:&quot;&quot;,&quot;right&quot;:&quot;&quot;,&quot;bottom&quot;:&quot;&quot;,&quot;left&quot;:&quot;&quot;,&quot;isLinked&quot;:true}}\" data-elementor-post-type=\"page\">\n\t\t\t\t<div class=\"elementor-element elementor-element-6e5a4001 e-flex e-con-boxed e-con e-parent\" data-id=\"6e5a4001\" data-element_type=\"container\">\n\t\t\t\t\t<div class=\"e-con-inner\">\n\t\t\t\t<div class=\"elementor-element elementor-element-3f0fe252 elementor-widget elementor-widget-text-editor\" data-id=\"3f0fe252\" data-element_type=\"widget\" data-widget_type=\"text-editor.default\">\n\t\t\t\t<div class=\"elementor-widget-container\">\n\t\t\t\t\t\t\t\t\t<h3 style=\"direction: ltr;\"><b>Um Meetings besser abzuhalten und effektiv gestalten zu k\u00f6nnen wurde folgendes Regelwerk aufgestell.<\/b><\/h3>\n<div><b><br><\/b><\/div>\n<div>\n<h3 style=\"color: rgb(112, 112, 112); font-family: SupremeLL, sans-serif; direction: ltr;\">Sprachtreffen:<\/h3>\n<\/div>\n<div><br><\/div>\n<ul>\n<li>Bitte unterbreche andere Teilinehmer:innen nicht, selbst wenn sie inkorrekt sprechen. \u00dcberlass das der Gruppenleiterin \/ dem Gruppenleiter.<\/li>\n<\/ul>\n<div><br><\/div>\n<ul>\n<li>Unser Ziel ist es, unsere Deutschkenntnisse gegenseitig zu verbessern und mit anderen unsere Erfahrungen zu teilen. Wenn du auch dieses Ziel hast, kannst du gerne an den Treffen teilnehmen.<\/li>\n<\/ul>\n<div><br><\/div>\n<ul>\n<li>Wenn sich jemand angemeldet hat und ohne vorherige Benachrichtigung nicht zum Meeting erscheint, werden die gezahlten Beitr\u00e4ge nicht mehr zur\u00fcck\u00fcberwiesen. Eine vollst\u00e4ndige R\u00fcckerstattung ist nur bis 23:59 Uhr ein Tag vor der Veranstaltung m\u00f6glich. In diesem Fall schreibe uns gerne eine Privatnachricht oder rufe direkt an.<\/li>\n<\/ul>\n<div><br><\/div>\n<ul>\n<li>Wenn du keine pers\u00f6nliche Erfahrungen mit Themen wie Studentenvisum, Sprachpr\u00fcfung oder \u00e4hnlichem gemacht habt oder \u00fcber etwas unsicher bist, dann verzichte bitte auf Hinweise, um keine falschen Fakten zu verbreiten.<\/li>\n<\/ul>\n<div><br><\/div>\n<ul>\n<li>Pers\u00f6nliche W\u00fcnsche (z. B. Ehemann und Ehefrau, Freund und Bekannter, Vater und Sohn usw.) k\u00f6nnen nur dann ber\u00fccksichtigt werden, wenn sie das gleiche Niveau haben, Ansonsten werden die Gruppen getrennt und es besteht nicht die M\u00f6glichkeit, dass sie in der gleichen Grupp bleiben.<\/li>\n<\/ul>\n<div><br><\/div>\n<ul>\n<li><span style=\"background-color: transparent;\">Die Teilnahme muss f\u00fcr jedes Treffen separat angemeldet werden. Bitte vermeide eine unangemeldete Teilnahme.<\/span><\/li>\n<\/ul>\n<div><br><\/div>\n<ul>\n<li>Eine unangemeldete Teilnahme kann unter Umst\u00e4nden zur Sperrung deines Kontos f\u00fchren. Eine Entsperrung ist m\u00f6glich, jedoch nur unter einer Bedingung, dass du gerne deinen Mitteilnehmer:innen deines ersten Treffens eine Kleinigkeit zum naschen mitbringst \ud83d\ude42<\/li>\n<\/ul>\n<div><br><\/div>\n<ul>\n<li><span style=\"background-color: transparent;\">Die Gespr\u00e4chsthemen werden nur allgemein vor dem Sprachtreffen mitgeteilt und es ist nicht m\u00f6glich alle Fragen detailliert zu erkl\u00e4ren.<\/span><\/li>\n<\/ul>\n<div><br><\/div>\n<ul>\n<li>Das Meeting beginnt p\u00fcnktlich. Bei einer versp\u00e4teten Teilnahme werden die Fragen f\u00fcr jeweilige Person nicht wiederholt.<\/li>\n<\/ul>\n<div><br><\/div>\n<ul>\n<li>Wenn du einen Anruf erh\u00e4ltst. verlasse bitte die Gruppe f\u00fcr die Dauer deines Telefonates.<\/li>\n<\/ul>\n<div><br><\/div>\n<ul>\n<li>An allen Sprachtreffen werden die Gruppen fotografiert, falls du dies nicht w\u00fcnschst, gib uns bitte rechtzeitig Bescheid, damit wir ber\u00fccksichtigen. Nach dem Treffen k\u00f6nnen wir nicht die Fotos bearbeiten oder l\u00f6schen.<\/li>\n<\/ul>\n<div><br><\/div>\n<ul>\n<li>Das Caf\u00e9 und die Tische sind ausschlie\u00dflich f\u00fcr die Dauer des angek\u00fcndigten Meetings f\u00fcr unsere Community reserviert. Wir bitten dich daher, das Caf\u00e9 unmittelbar nach Ende des Treffens zu verlassen. Ein erneutes, inoffizielles Zusammenkommen st\u00f6rt die Organisation des Caf\u00e9s sowie unsere zuk\u00fcnftigen Sprachtreffen.<\/li>\n<\/ul>\n<div><br><br><\/div>\n<div><br><\/div>\n<div>\n<h3 style=\"color: rgb(112, 112, 112); font-family: SupremeLL, sans-serif; direction: ltr;\">Filmvorf\u00fchrungen (Kino):<\/h3>\n<div><br><\/div>\n<ul style=\"background-color: rgb(255, 255, 255); font-size: 16px;\">\n<ul style=\"background-color: rgb(255, 255, 255); font-size: 16px;\"><\/ul>\n<li style=\"font-size: 16px;\">Du kannst uns gerne jederzeit deine Lieblingsfilme vorstellen, wir \u00fcberpr\u00fcfen alle und bei der Erf\u00fcllung aller Kriterien f\u00fchren wir sie vor.<\/li>\n<\/ul>\n<div><br><\/div>\n<ul style=\"background-color: rgb(255, 255, 255); font-size: 16px;\">\n<li style=\"font-size: 16px;\">Eine Stornierung inkl. vollst\u00e4ndige R\u00fcckerstattung der Ticket-kosten ist bis einschlie\u00dflich 23:59 Uhr, ein Tag vor der Veranstaltung m\u00f6glich. Am Tag der Veranstaltung bis 8 Stunden vor der Vorf\u00fchrung wird 50% des gesamten Betrags zur\u00fcck\u00fcberwiesen.<\/li>\n<\/ul>\n<div><br><\/div>\n<ul style=\"background-color: rgb(255, 255, 255); font-size: 16px;\">\n<li style=\"font-size: 16px;\">Da wir den ganzen Saal reservieren, ist eine Auswahl der Kinositze leider nicht m\u00f6glich, daf\u00fcr schlagen wir dir vor, fr\u00fcher (15-30 Min. vor dem Film) zu erscheinen.<\/li>\n<\/ul>\n<div><br><\/div>\n<ul style=\"background-color: rgb(255, 255, 255); font-size: 16px;\">\n<li style=\"font-size: 16px;\">Eine Teilnahme ohne vorherige Ticketreservierung oder Benachrichtigung wird vor Ort nicht akzeptiert, da wir (und NICHT Kino) die Karten verkaufen und f\u00fcr die genau Anzahl der Pl\u00e4tze sowie Saalreservierung planen m\u00fcssen.<\/li>\n<\/ul>\n<div>\n<div><br><\/div>\n<div><br><\/div>\n<div><br><\/div>\n<div>\n<h3 style=\"color: rgb(112, 112, 112); font-family: SupremeLL, sans-serif; direction: ltr;\">Q-A Sessions:<\/h3>\n<\/div>\n<\/div>\n<div><\/div>\n<div><br><\/div>\n<ul style=\"background-color: rgb(255, 255, 255); font-size: 16px;\">\n<ul style=\"background-color: rgb(255, 255, 255); font-size: 16px;\"><\/ul>\n<li style=\"font-size: 16px;\">Da jede Sitzung nur einmal stattfindet und zwei Stunden dauert, bittet dich die Moderatorin \/ der Moderator direkt, deine Fragen zu stellen. Uns ist bewusst, dass manche Personen ihre Fragen nicht stellen, solange man sie nicht direkt anspricht. Deshalb habe dieses Verst\u00e4ndnis und halte dich w\u00e4hrend der Sitzung zur\u00fcck. Keine Sorge &#8211; Nichts wird ausgelassen. Alle Themen werden diskutiert.<\/li>\n<\/ul>\n<div><br><\/div>\n<ul style=\"background-color: rgb(255, 255, 255); font-size: 16px;\">\n<li style=\"font-size: 16px;\">Eine Aufnahme der Sitzung ist erst dann erlaubt, wenn die G\u00e4stin \/ der Gast damit einverstanden ist. Du darfst aber die aufgenommene Audiodatei nicht \u00f6ffentlich oder mit anderen teilen. Daf\u00fcr muss die Person uns direkt kontaktieren.<br><\/li>\n<\/ul>\n<div><br><\/div>\n<ul style=\"background-color: rgb(255, 255, 255); font-size: 16px;\">\n<li style=\"font-size: 16px;\">Bitte vermeide eine unangemeldete Teilnahme! Sollte dies passieren, darfst du kaum Fragen stellen, da andere Teilnehmer:innen f\u00fcr uns Priorit\u00e4t haben.<\/li><\/ul><div><div><h3 style=\"color: rgb(112, 112, 112); font-family: SupremeLL, sans-serif; direction: ltr;\"><div style=\"font-size: 16px; font-weight: 400;\"><br><\/div><div style=\"font-size: 16px; font-weight: 400;\"><br><\/div><div style=\"font-size: 16px; font-weight: 400;\"><br><\/div><\/h3><h3 style=\"color: rgb(112, 112, 112); font-family: SupremeLL, sans-serif; direction: ltr;\">Bemerkungen:<\/h3>\n<\/div>\n<\/div>\n<div><br><\/div>\n<ul style=\"background-color: rgb(255, 255, 255); font-size: 16px;\">\n<ul style=\"background-color: rgb(255, 255, 255); font-size: 16px;\"><\/ul>\n<li style=\"font-size: 16px;\">Deine Teilnahme an den Sitzungen impliziert die Zustimmung zu den relevanten Regeln.<\/li>\n<li style=\"font-size: 16px;\">Wir behalten uns vor, die Regeln jederzeit aufgrund von Teilnehmerw\u00fcnschen oder eigener Entscheidung zu \u00e4ndern, neue hinzuzuf\u00fcgen oder bestehende zu streichen.<\/li>\n<\/ul>\n<\/div>\t\t\t\t\t\t\t\t<\/div>\n\t\t\t\t<\/div>\n\t\t\t\t\t<\/div>\n\t\t\t\t<\/div>\n\t\t\t\t<\/div>\n\t\t","protected":false},"excerpt":{"rendered":"<p>Um Meetings besser abzuhalten und effektiv gestalten zu k\u00f6nnen wurde folgendes Regelwerk aufgestell. Sprachtreffen: Bitte unterbreche andere Teilinehmer:innen nicht, selbst wenn sie inkorrekt sprechen. \u00dcberlass das der Gruppenleiterin \/ dem Gruppenleiter. Unser Ziel ist es, unsere Deutschkenntnisse gegenseitig zu verbessern und mit anderen unsere Erfahrungen zu teilen. Wenn du auch dieses Ziel hast, kannst du [&hellip;]<\/p>\n","protected":false},"author":1,"featured_media":0,"parent":0,"menu_order":0,"comment_status":"closed","ping_status":"closed","template":"","meta":{"footnotes":""},"class_list":["post-3445","page","type-page","status-publish","hentry"],"_links":{"self":[{"href":"https:\/\/deutsch-arena.com\/de\/wp-json\/wp\/v2\/pages\/3445","targetHints":{"allow":["GET"]}}],"collection":[{"href":"https:\/\/deutsch-arena.com\/de\/wp-json\/wp\/v2\/pages"}],"about":[{"href":"https:\/\/deutsch-arena.com\/de\/wp-json\/wp\/v2\/types\/page"}],"author":[{"embeddable":true,"href":"https:\/\/deutsch-arena.com\/de\/wp-json\/wp\/v2\/users\/1"}],"replies":[{"embeddable":true,"href":"https:\/\/deutsch-arena.com\/de\/wp-json\/wp\/v2\/comments?post=3445"}],"version-history":[{"count":0,"href":"https:\/\/deutsch-arena.com\/de\/wp-json\/wp\/v2\/pages\/3445\/revisions"}],"wp:attachment":[{"href":"https:\/\/deutsch-arena.com\/de\/wp-json\/wp\/v2\/media?parent=3445"}],"curies":[{"name":"wp","href":"https:\/\/api.w.org\/{rel}","templated":true}]}}